{"id":1023,"date":"2020-08-27T19:09:03","date_gmt":"2020-08-27T16:09:03","guid":{"rendered":"https:\/\/ozon.fi\/?post_type=product&#038;p=1023"},"modified":"2020-11-06T13:01:14","modified_gmt":"2020-11-06T10:01:14","slug":"refrigeration-unit-terrafrigo-s30p-stin","status":"publish","type":"product","link":"https:\/\/ozon.fi\/fi\/catalog\/18-26m%c2%b3\/refrigerators-cooler-heater-parking-functions\/refrigeration-unit-terrafrigo-s30p-stin\/","title":{"rendered":"TERRAFRIGO S-30P STin KYLM\u00c4LAITE"},"content":{"rendered":"<p>S-30P STin laite on tehokas\u00a0 kylm\u00e4laite soveltuen viile\u00e4kuljetuksiin (0\u00b0\u0421 ) kuutiotilavuuteen 30 m3 ja pakastinkuljetuksiin(-20\u00b0\u0421 ) tilavuuteen 18 m3 asti. P-sarjan laitteet toimivat kylm\u00e4ll\u00e4 my\u00f6s l\u00e4mmitykseen. L\u00e4mmitysteho laitteella on 2150 w. K\u00e4ytt\u00f6voimanl\u00e4hteen\u00e4 on moottoriin mekaanisesti asennettava kompressori. STin-sarjan laitteet toimii my\u00f6s pys\u00e4k\u00f6intikompressorilla (220V). Toimituskokonaisuus sis\u00e4lt\u00e4\u00e4 lauhdutin-ja h\u00f6yrystinyksik\u00f6n, ohjauspaneelin ja t\u00e4ydellisen asennussarjan johtoineen ja letkuineen, sek\u00e4 kompressorin. Liitiimet ja asennusosat on tehty mahdollisimman helpoksi asentaa.<\/p>\n<p>TerraFrigo \u2014 kylm\u00e4laitteet ovat ATP-testattuja tehokkaita kylm\u00e4laitteita, jotka toimivat samalla my\u00f6s l\u00e4mmittimin\u00e4 (P-sarja).<\/p>\n","protected":false},"excerpt":{"rendered":"<p>S-30P STin laite on tehokas\u00a0 kylm\u00e4laite soveltuen viile\u00e4kuljetuksiin (0\u00b0\u0421 ) kuutiotilavuuteen 30 m3 ja pakastinkuljetuksiin (-20\u00b0\u0421 ) tilavuuteen 18 m3 asti. STin-sarjan laitteet toimii my\u00f6s pys\u00e4k\u00f6intikompressorilla (220V).<\/p>\n","protected":false},"featured_media":1063,"comment_status":"closed","ping_status":"closed","template":"","meta":[],"_links":{"self":[{"href":"https:\/\/ozon.fi\/fi\/wp-json\/wp\/v2\/product\/1023"}],"collection":[{"href":"https:\/\/ozon.fi\/fi\/wp-json\/wp\/v2\/product"}],"about":[{"href":"https:\/\/ozon.fi\/fi\/wp-json\/wp\/v2\/types\/product"}],"replies":[{"embeddable":true,"href":"https:\/\/ozon.fi\/fi\/wp-json\/wp\/v2\/comments?post=1023"}],"wp:featuredmedia":[{"embeddable":true,"href":"https:\/\/ozon.fi\/fi\/wp-json\/wp\/v2\/media\/1063"}],"wp:attachment":[{"href":"https:\/\/ozon.fi\/fi\/wp-json\/wp\/v2\/media?parent=1023"}],"curies":[{"name":"wp","href":"https:\/\/api.w.org\/{rel}","templated":true}]}}