{"id":1097,"date":"2020-09-03T14:53:08","date_gmt":"2020-09-03T11:53:08","guid":{"rendered":"https:\/\/ozon.fi\/?post_type=product&#038;p=1097"},"modified":"2020-11-10T12:47:41","modified_gmt":"2020-11-10T09:47:41","slug":"refrigeration-unit-terrafrigo-s10","status":"publish","type":"product","link":"https:\/\/ozon.fi\/fi\/catalog\/6-12m%c2%b3\/refrigerators-18-26m%c2%b3-6-12m%c2%b3\/refrigeration-unit-terrafrigo-s10\/","title":{"rendered":"TERRAFRIGO S-10 KYLM\u00c4LAITE"},"content":{"rendered":"<p>S- 10 on Terrafrigo sarjan pienin kylm\u00e4kone. Kylm\u00e4kuljetus (0 C) tilavuus saa olla 12m3 ja<br \/>\npakkaskuljetuksille (-20 C) 6m3. Kylm\u00e4kone on suoravetoinen ajoneuvon moottorista ja sill\u00e4 voit<br \/>\nkuljettaa kaikkia tuotteita kuten hedelmi\u00e4, lihaa, l\u00e4\u00e4kkeit\u00e4 ja pakasteita. S-10 takaa tasaisen ja<br \/>\ntehokkaan viilennyksen kaikkiin pieniin kuormatiloihin. Laite on suunniteltu huoltoyst\u00e4v\u00e4lliseksi,<br \/>\njoten kunnossapito ja huolto k\u00e4y sujuvasti joka s\u00e4\u00e4st\u00e4\u00e4 sek\u00e4 aikaa ett\u00e4 rahaa.<\/p>\n","protected":false},"excerpt":{"rendered":"<p>S- 10 on Terrafrigo sarjan pienin kylm\u00e4kone. Kylm\u00e4kuljetus (0 C) tilavuus saa olla 12m3 ja<br \/>\npakkaskuljetuksille (-20 C) 6m3.<\/p>\n","protected":false},"featured_media":982,"comment_status":"closed","ping_status":"closed","template":"","meta":[],"_links":{"self":[{"href":"https:\/\/ozon.fi\/fi\/wp-json\/wp\/v2\/product\/1097"}],"collection":[{"href":"https:\/\/ozon.fi\/fi\/wp-json\/wp\/v2\/product"}],"about":[{"href":"https:\/\/ozon.fi\/fi\/wp-json\/wp\/v2\/types\/product"}],"replies":[{"embeddable":true,"href":"https:\/\/ozon.fi\/fi\/wp-json\/wp\/v2\/comments?post=1097"}],"wp:featuredmedia":[{"embeddable":true,"href":"https:\/\/ozon.fi\/fi\/wp-json\/wp\/v2\/media\/982"}],"wp:attachment":[{"href":"https:\/\/ozon.fi\/fi\/wp-json\/wp\/v2\/media?parent=1097"}],"curies":[{"name":"wp","href":"https:\/\/api.w.org\/{rel}","templated":true}]}}