{"id":1116,"date":"2020-09-03T15:14:19","date_gmt":"2020-09-03T12:14:19","guid":{"rendered":"https:\/\/ozon.fi\/?post_type=product&#038;p=1116"},"modified":"2020-11-10T12:46:28","modified_gmt":"2020-11-10T09:46:28","slug":"refrigeration-unit-terrafrigo-s20","status":"publish","type":"product","link":"https:\/\/ozon.fi\/fi\/catalog\/6-12m%c2%b3\/refrigerators-18-26m%c2%b3-6-12m%c2%b3\/refrigeration-unit-terrafrigo-s20\/","title":{"rendered":"TERRAFRIGO S-20 KYLM\u00c4LAITE"},"content":{"rendered":"<p>S-20 on Terrafrigo sarjan myydyin ja sill\u00e4 voit hoitaa kylm\u00e4kuljetukset (0 C) 18m3 kuormatilassa ja<br \/>\npakkaskuljetukset (-20 C) 10m3 tilassa. Kylm\u00e4kone on suoravetoinen ajoneuvon moottorista ja sill\u00e4<br \/>\nvoit kuljettaa kaikkia tuotteita kuten hedelmi\u00e4, lihaa, l\u00e4\u00e4kkeit\u00e4 ja pakasteita. S-20 takaa tasaisen ja<br \/>\ntehokkaan viilennyksen kaikkiin pieniin ja keskisuuriin kuormatiloihin. Laite on suunniteltu<br \/>\nhuoltoyst\u00e4v\u00e4lliseksi, joten kunnossapito ja huolto k\u00e4y sujuvasti joka s\u00e4\u00e4st\u00e4\u00e4 sek\u00e4 aikaa ett\u00e4 rahaa.<\/p>\n","protected":false},"excerpt":{"rendered":"<p>S-20 on Terrafrigo sarjan myydyin ja sill\u00e4 voit hoitaa kylm\u00e4kuljetukset (0 C) 18m3 kuormatilassa ja<br \/>\npakkaskuljetukset (-20 C) 10m3 tilassa.<\/p>\n","protected":false},"featured_media":975,"comment_status":"closed","ping_status":"closed","template":"","meta":[],"_links":{"self":[{"href":"https:\/\/ozon.fi\/fi\/wp-json\/wp\/v2\/product\/1116"}],"collection":[{"href":"https:\/\/ozon.fi\/fi\/wp-json\/wp\/v2\/product"}],"about":[{"href":"https:\/\/ozon.fi\/fi\/wp-json\/wp\/v2\/types\/product"}],"replies":[{"embeddable":true,"href":"https:\/\/ozon.fi\/fi\/wp-json\/wp\/v2\/comments?post=1116"}],"wp:featuredmedia":[{"embeddable":true,"href":"https:\/\/ozon.fi\/fi\/wp-json\/wp\/v2\/media\/975"}],"wp:attachment":[{"href":"https:\/\/ozon.fi\/fi\/wp-json\/wp\/v2\/media?parent=1116"}],"curies":[{"name":"wp","href":"https:\/\/api.w.org\/{rel}","templated":true}]}}