{"id":1137,"date":"2020-09-03T16:24:02","date_gmt":"2020-09-03T13:24:02","guid":{"rendered":"https:\/\/ozon.fi\/?post_type=product&#038;p=1137"},"modified":"2020-11-10T12:49:38","modified_gmt":"2020-11-10T09:49:38","slug":"refrigeration-unit-terrafrigo-s40","status":"publish","type":"product","link":"https:\/\/ozon.fi\/fi\/catalog\/18-26m%c2%b3\/refrigerators-18-26m%c2%b3\/refrigeration-unit-terrafrigo-s40\/","title":{"rendered":"TERRAFRIGO S-40 KYLM\u00c4LAITE"},"content":{"rendered":"<p>S-40 kylm\u00e4laite soveltuu viile\u00e4kuljetuksiin (0 C) 35m3 kuormatiloille ja pakkaskuljetuksiin 26m3<br \/>\nkuormatiloihin. Laite on suoravetoinen ajoneuvon moottorista ja soveltuu sek\u00e4 tuore- ett\u00e4<br \/>\npakkaskuljetuksiin. T\u00e4m\u00e4 hinta-\/laatusuhteltaan edullinen j\u00e4rjestelm\u00e4 sopii kaikkiin kuljetuksiin<br \/>\ntuoretuotteista, l\u00e4\u00e4kkeisiin ja j\u00e4\u00e4tel\u00f6\u00f6n yms. Laite on suunniteltu huoltoa- ja kunnossapitoa<br \/>\nsilm\u00e4ll\u00e4pit\u00e4en, joten kunnossapito on edullista.<\/p>\n","protected":false},"excerpt":{"rendered":"<p>S-40 kylm\u00e4laite soveltuu viile\u00e4kuljetuksiin (0 C) 35m3 kuormatiloille ja pakkaskuljetuksiin 26m3<br \/>\nkuormatiloihin.<\/p>\n","protected":false},"featured_media":975,"comment_status":"closed","ping_status":"closed","template":"","meta":[],"_links":{"self":[{"href":"https:\/\/ozon.fi\/fi\/wp-json\/wp\/v2\/product\/1137"}],"collection":[{"href":"https:\/\/ozon.fi\/fi\/wp-json\/wp\/v2\/product"}],"about":[{"href":"https:\/\/ozon.fi\/fi\/wp-json\/wp\/v2\/types\/product"}],"replies":[{"embeddable":true,"href":"https:\/\/ozon.fi\/fi\/wp-json\/wp\/v2\/comments?post=1137"}],"wp:featuredmedia":[{"embeddable":true,"href":"https:\/\/ozon.fi\/fi\/wp-json\/wp\/v2\/media\/975"}],"wp:attachment":[{"href":"https:\/\/ozon.fi\/fi\/wp-json\/wp\/v2\/media?parent=1137"}],"curies":[{"name":"wp","href":"https:\/\/api.w.org\/{rel}","templated":true}]}}