{"id":1146,"date":"2020-09-03T16:50:29","date_gmt":"2020-09-03T13:50:29","guid":{"rendered":"https:\/\/ozon.fi\/?post_type=product&#038;p=1146"},"modified":"2020-11-10T12:51:46","modified_gmt":"2020-11-10T09:51:46","slug":"refrigerating-plant-terrafrigo-a20","status":"publish","type":"product","link":"https:\/\/ozon.fi\/fi\/catalog\/18-26m%c2%b3\/refrigerators-18-26m%c2%b3\/refrigerating-plant-terrafrigo-a20\/","title":{"rendered":"TERRAFRIGO A20 KYLM\u00c4LAITE"},"content":{"rendered":"<p>Terrafrigo A20 on tuoteryhm\u00e4n pienin malli ja soveltuu viile\u00e4kuljetuksiin (+5 C) 25m3 asti. A20 on<br \/>\nhinta\/laatusuhteeltaan eritt\u00e4in hyv\u00e4 ja soveltuu mainiosti esim. maidon, hedelmien, vihannesten ja<br \/>\nleivonnaisten viile\u00e4kuljetuksiin.<\/p>\n","protected":false},"excerpt":{"rendered":"<p>Terrafrigo A20 on tuoteryhm\u00e4n pienin malli ja soveltuu viile\u00e4kuljetuksiin (+5 C) 25m3 asti.<\/p>\n","protected":false},"featured_media":982,"comment_status":"closed","ping_status":"closed","template":"","meta":[],"_links":{"self":[{"href":"https:\/\/ozon.fi\/fi\/wp-json\/wp\/v2\/product\/1146"}],"collection":[{"href":"https:\/\/ozon.fi\/fi\/wp-json\/wp\/v2\/product"}],"about":[{"href":"https:\/\/ozon.fi\/fi\/wp-json\/wp\/v2\/types\/product"}],"replies":[{"embeddable":true,"href":"https:\/\/ozon.fi\/fi\/wp-json\/wp\/v2\/comments?post=1146"}],"wp:featuredmedia":[{"embeddable":true,"href":"https:\/\/ozon.fi\/fi\/wp-json\/wp\/v2\/media\/982"}],"wp:attachment":[{"href":"https:\/\/ozon.fi\/fi\/wp-json\/wp\/v2\/media?parent=1146"}],"curies":[{"name":"wp","href":"https:\/\/api.w.org\/{rel}","templated":true}]}}