{"id":1600,"date":"2020-11-11T19:12:58","date_gmt":"2020-11-11T16:12:58","guid":{"rendered":"https:\/\/ozon.fi\/?post_type=product&#038;p=1600"},"modified":"2020-11-11T19:13:50","modified_gmt":"2020-11-11T16:13:50","slug":"refrigeration-unit-terrafrigo-s30-stin","status":"publish","type":"product","link":"https:\/\/ozon.fi\/fi\/catalog\/18-26m%c2%b3\/refrigerators-cooler-parking-functions-18-26m%c2%b3\/refrigeration-unit-terrafrigo-s30-stin\/","title":{"rendered":"TERRAFRIGO S-30 STin KYLM\u00c4LAITE"},"content":{"rendered":"<p>S-30 on tehokas 4kW kylm\u00e4kone jolla pystyt kuljettamaan viile\u00e4 tuotteita (0 C) 26m3 kuormatilassa ja<br \/>\npakasteita (-20 C) 18m3 -tilassa. STin-sarjan laitteet toimii my\u00f6s pys\u00e4k\u00f6intikompressorilla (220V). \u00a0S-30 on hinta\/laatusuhteeltaan eritt\u00e4in j\u00e4rkev\u00e4 valinta ja huolellisen<br \/>\nsuunnittelun vuoksi my\u00f6s eritt\u00e4in helppo ja nopea huoltaa.<\/p>\n","protected":false},"excerpt":{"rendered":"<p>S-30 on tehokas 4kW kylm\u00e4kone jolla pystyt kuljettamaan viile\u00e4 tuotteita (0 C) 26m3 kuormatilassa ja<br \/>\npakasteita (-20 C) 18m3 -tilassa.<\/p>\n","protected":false},"featured_media":975,"comment_status":"closed","ping_status":"closed","template":"","meta":[],"_links":{"self":[{"href":"https:\/\/ozon.fi\/fi\/wp-json\/wp\/v2\/product\/1600"}],"collection":[{"href":"https:\/\/ozon.fi\/fi\/wp-json\/wp\/v2\/product"}],"about":[{"href":"https:\/\/ozon.fi\/fi\/wp-json\/wp\/v2\/types\/product"}],"replies":[{"embeddable":true,"href":"https:\/\/ozon.fi\/fi\/wp-json\/wp\/v2\/comments?post=1600"}],"wp:featuredmedia":[{"embeddable":true,"href":"https:\/\/ozon.fi\/fi\/wp-json\/wp\/v2\/media\/975"}],"wp:attachment":[{"href":"https:\/\/ozon.fi\/fi\/wp-json\/wp\/v2\/media?parent=1600"}],"curies":[{"name":"wp","href":"https:\/\/api.w.org\/{rel}","templated":true}]}}