{"id":1602,"date":"2020-11-11T19:14:05","date_gmt":"2020-11-11T16:14:05","guid":{"rendered":"https:\/\/ozon.fi\/?post_type=product&#038;p=1602"},"modified":"2020-11-11T19:14:47","modified_gmt":"2020-11-11T16:14:47","slug":"refrigeration-unit-terrafrigo-s40-stin","status":"publish","type":"product","link":"https:\/\/ozon.fi\/fi\/catalog\/18-26m%c2%b3\/refrigerators-cooler-parking-functions-18-26m%c2%b3\/refrigeration-unit-terrafrigo-s40-stin\/","title":{"rendered":"TERRAFRIGO S-40 STin KYLM\u00c4LAITE"},"content":{"rendered":"<p>S-40 kylm\u00e4laite soveltuu viile\u00e4kuljetuksiin (0 C) 35m3 kuormatiloille ja pakkaskuljetuksiin 26m3<br \/>\nkuormatiloihin. STin-sarjan laitteet toimii my\u00f6s pys\u00e4k\u00f6intikompressorilla (220V). Laite on suoravetoinen ajoneuvon moottorista ja soveltuu sek\u00e4 tuore- ett\u00e4<br \/>\npakkaskuljetuksiin. T\u00e4m\u00e4 hinta-\/laatusuhteltaan edullinen j\u00e4rjestelm\u00e4 sopii kaikkiin kuljetuksiin<br \/>\ntuoretuotteista, l\u00e4\u00e4kkeisiin ja j\u00e4\u00e4tel\u00f6\u00f6n yms. Laite on suunniteltu huoltoa- ja kunnossapitoa<br \/>\nsilm\u00e4ll\u00e4pit\u00e4en, joten kunnossapito on edullista.<\/p>\n","protected":false},"excerpt":{"rendered":"<p>S-40 kylm\u00e4laite soveltuu viile\u00e4kuljetuksiin (0 C) 35m3 kuormatiloille ja pakkaskuljetuksiin 26m3<br \/>\nkuormatiloihin.<\/p>\n","protected":false},"featured_media":975,"comment_status":"closed","ping_status":"closed","template":"","meta":[],"_links":{"self":[{"href":"https:\/\/ozon.fi\/fi\/wp-json\/wp\/v2\/product\/1602"}],"collection":[{"href":"https:\/\/ozon.fi\/fi\/wp-json\/wp\/v2\/product"}],"about":[{"href":"https:\/\/ozon.fi\/fi\/wp-json\/wp\/v2\/types\/product"}],"replies":[{"embeddable":true,"href":"https:\/\/ozon.fi\/fi\/wp-json\/wp\/v2\/comments?post=1602"}],"wp:featuredmedia":[{"embeddable":true,"href":"https:\/\/ozon.fi\/fi\/wp-json\/wp\/v2\/media\/975"}],"wp:attachment":[{"href":"https:\/\/ozon.fi\/fi\/wp-json\/wp\/v2\/media?parent=1602"}],"curies":[{"name":"wp","href":"https:\/\/api.w.org\/{rel}","templated":true}]}}