{"id":1604,"date":"2020-11-11T19:15:03","date_gmt":"2020-11-11T16:15:03","guid":{"rendered":"https:\/\/ozon.fi\/?post_type=product&#038;p=1604"},"modified":"2020-11-11T19:16:26","modified_gmt":"2020-11-11T16:16:26","slug":"refrigeration-unit-terrafrigo-s50-stin","status":"publish","type":"product","link":"https:\/\/ozon.fi\/fi\/catalog\/34-55m%c2%b3\/refrigerators-cooler-parking-functions-34-55m%c2%b3\/refrigeration-unit-terrafrigo-s50-stin\/","title":{"rendered":"TERRAFRIGO S-50 STin KYLM\u00c4LAITE"},"content":{"rendered":"<p>Terrafrigo S-50 on tehokas kylmalaite joka soveltuu kylm\u00e4kuljetuksille (0 C) 50m3 kuormatiloille ja<br \/>\npakkaskuljetuksille (-20C) 36m3 asti. STin-sarjan laitteet toimii my\u00f6s pys\u00e4k\u00f6intikompressorilla (220V).<\/p>\n<p>Kylm\u00e4laite on suoravetoinen auton moottorista ja soveltuu sek\u00e4<br \/>\ntuore-, l\u00e4\u00e4ke- ett\u00e4 pakastekuljetuksiin. T\u00e4m\u00e4 tehokas kylm\u00e4laite pienille ja keskisuurille kuormatiloille<br \/>\nedulliseen hintaan on eritt\u00e4in j\u00e4rkev\u00e4 ratkaisu viile\u00e4 ja pakastekuljetuksiin. Laite on suunniteltu<br \/>\nolemaan eritt\u00e4in huolto ja kunnosapito yst\u00e4v\u00e4llinen joka my\u00f6s s\u00e4\u00e4st\u00e4\u00e4 aikaa ja rahaa.<\/p>\n","protected":false},"excerpt":{"rendered":"<p>Terrafrigo S-50 on tehokas kylmalaite joka soveltuu kylm\u00e4kuljetuksille (0 C) 50m3 kuormatiloille ja<br \/>\npakkaskuljetuksille (-20C) 36m3 asti.<\/p>\n","protected":false},"featured_media":1063,"comment_status":"closed","ping_status":"closed","template":"","meta":[],"_links":{"self":[{"href":"https:\/\/ozon.fi\/fi\/wp-json\/wp\/v2\/product\/1604"}],"collection":[{"href":"https:\/\/ozon.fi\/fi\/wp-json\/wp\/v2\/product"}],"about":[{"href":"https:\/\/ozon.fi\/fi\/wp-json\/wp\/v2\/types\/product"}],"replies":[{"embeddable":true,"href":"https:\/\/ozon.fi\/fi\/wp-json\/wp\/v2\/comments?post=1604"}],"wp:featuredmedia":[{"embeddable":true,"href":"https:\/\/ozon.fi\/fi\/wp-json\/wp\/v2\/media\/1063"}],"wp:attachment":[{"href":"https:\/\/ozon.fi\/fi\/wp-json\/wp\/v2\/media?parent=1604"}],"curies":[{"name":"wp","href":"https:\/\/api.w.org\/{rel}","templated":true}]}}