{"id":921,"date":"2020-07-23T11:41:02","date_gmt":"2020-07-23T08:41:02","guid":{"rendered":"https:\/\/ozon.fi\/?post_type=product&#038;p=921"},"modified":"2020-11-06T14:13:13","modified_gmt":"2020-11-06T11:13:13","slug":"refrigerating-plant-terrafrigo-a10","status":"publish","type":"product","link":"https:\/\/ozon.fi\/fi\/catalog\/6-12m\u00b3\/refrigerators-18-26m\u00b3-6-12m\u00b3\/jaahdytyslaitos-terrafrigo-a10\/","title":{"rendered":"TERRAFRIGO A10 KYLM\u00c4LAITE"},"content":{"rendered":"<p>A10 laite on pieni ja kompakti kylm\u00e4laite soveltuen viile\u00e4kuljetuksiin (0\u00b0\u0421 + 5\u00b0\u0421 ) kuutiotilavuuteen 12 m3 asti. Edullinen kylm\u00e4laite kaikkien j\u00e4\u00e4hdytettyjen tuotteiden kuljetukseen: maito, liha, vihannekset, hedelm\u00e4t, makeiset tai suklaa. L\u00e4mmitysteho laitteella on 1949 w. K\u00e4ytt\u00f6voimanl\u00e4hteen\u00e4 on moottoriin mekaanisesti asennettava kompressori. Toimituskokonaisuus sis\u00e4lt\u00e4\u00e4 lauhdutin-ja h\u00f6yrystinyksik\u00f6n, ohjauspaneelin ja t\u00e4ydellisen asennussarjan johtoineen ja letkuineen, sek\u00e4 kompressorin. Liitiimet ja asennusosat on tehty mahdollisimman helpoksi asentaa.<\/p>\n","protected":false},"excerpt":{"rendered":"<p>A10 laite on pieni ja kompakti kylm\u00e4laite soveltuen viile\u00e4kuljetuksiin (0\u00b0\u0421 + 5\u00b0\u0421 ) kuutiotilavuuteen 12 m3 asti.<\/p>\n<p>Edullinen kylm\u00e4laite kaikkien j\u00e4\u00e4hdytettyjen tuotteiden kuljetukseen: maito, liha, vihannekset, hedelm\u00e4t, makeiset tai suklaa.<\/p>\n","protected":false},"featured_media":982,"comment_status":"closed","ping_status":"closed","template":"","meta":[],"_links":{"self":[{"href":"https:\/\/ozon.fi\/fi\/wp-json\/wp\/v2\/product\/921"}],"collection":[{"href":"https:\/\/ozon.fi\/fi\/wp-json\/wp\/v2\/product"}],"about":[{"href":"https:\/\/ozon.fi\/fi\/wp-json\/wp\/v2\/types\/product"}],"replies":[{"embeddable":true,"href":"https:\/\/ozon.fi\/fi\/wp-json\/wp\/v2\/comments?post=921"}],"wp:featuredmedia":[{"embeddable":true,"href":"https:\/\/ozon.fi\/fi\/wp-json\/wp\/v2\/media\/982"}],"wp:attachment":[{"href":"https:\/\/ozon.fi\/fi\/wp-json\/wp\/v2\/media?parent=921"}],"curies":[{"name":"wp","href":"https:\/\/api.w.org\/{rel}","templated":true}]}}