{"id":1097,"date":"2020-09-03T14:53:08","date_gmt":"2020-09-03T11:53:08","guid":{"rendered":"https:\/\/ozon.fi\/?post_type=product&#038;p=1097"},"modified":"2020-11-10T12:47:41","modified_gmt":"2020-11-10T09:47:41","slug":"refrigeration-unit-terrafrigo-s10","status":"publish","type":"product","link":"https:\/\/ozon.fi\/sv\/catalog\/6-12m%c2%b3\/refrigerators-18-26m%c2%b3-6-12m%c2%b3\/refrigeration-unit-terrafrigo-s10\/","title":{"rendered":"Terrafrigo S-10 Kylmaskin"},"content":{"rendered":"<p>S-10 \u00e4r Terrafrigo seriens minsta kylmaskin. S-10 klarar av kyltransport (0 C) upp till 12m3 och<br \/>\nfrystransport (-20 C) till 6m3. Kylmaskinen \u00e4r direktdriven fr\u00e5n fordonets motor och \u00e4r l\u00e4mplig f\u00f6r alla<br \/>\ntyper av gods s\u00e5som, frukter, k\u00f6tt, mediciner och frysvaror. Denna kylmaskin \u00e4r inte bara prisv\u00e4rd,<br \/>\nutan \u00e4ven l\u00e4tt o smidigt underh\u00e5llen, vilket sparar b\u00e5de tid och pengar.<\/p>\n","protected":false},"excerpt":{"rendered":"<p>S-10 \u00e4r Terrafrigo seriens minsta kylmaskin. S-10 klarar av kyltransport (0 C) upp till 12m3 och<br \/>\nfrystransport (-20 C) till 6m3.<\/p>\n","protected":false},"featured_media":982,"comment_status":"closed","ping_status":"closed","template":"","meta":[],"_links":{"self":[{"href":"https:\/\/ozon.fi\/sv\/wp-json\/wp\/v2\/product\/1097"}],"collection":[{"href":"https:\/\/ozon.fi\/sv\/wp-json\/wp\/v2\/product"}],"about":[{"href":"https:\/\/ozon.fi\/sv\/wp-json\/wp\/v2\/types\/product"}],"replies":[{"embeddable":true,"href":"https:\/\/ozon.fi\/sv\/wp-json\/wp\/v2\/comments?post=1097"}],"wp:featuredmedia":[{"embeddable":true,"href":"https:\/\/ozon.fi\/sv\/wp-json\/wp\/v2\/media\/982"}],"wp:attachment":[{"href":"https:\/\/ozon.fi\/sv\/wp-json\/wp\/v2\/media?parent=1097"}],"curies":[{"name":"wp","href":"https:\/\/api.w.org\/{rel}","templated":true}]}}