{"id":1116,"date":"2020-09-03T15:14:19","date_gmt":"2020-09-03T12:14:19","guid":{"rendered":"https:\/\/ozon.fi\/?post_type=product&#038;p=1116"},"modified":"2020-11-10T12:46:28","modified_gmt":"2020-11-10T09:46:28","slug":"refrigeration-unit-terrafrigo-s20","status":"publish","type":"product","link":"https:\/\/ozon.fi\/sv\/catalog\/6-12m%c2%b3\/refrigerators-18-26m%c2%b3-6-12m%c2%b3\/refrigeration-unit-terrafrigo-s20\/","title":{"rendered":"Terrafrigo S-20 Kylmaskin"},"content":{"rendered":"<p>S-20 \u00e4r den mest s\u00e5lda kylmaskinen i Terrafrigo serien och klarar av kyltemperatur (0 C) upp till 18m3<br \/>\noch frystemperatur (-20 C) till 10m3 lastutrymmen. S-20 \u00e4r direktdriven fr\u00e5n fordonets motor och \u00e4r<br \/>\nl\u00e4mplig f\u00f6r alla typer av gods s\u00e5som, frukter, k\u00f6tt, mediciner och frysvaror. Denna kylmaskin \u00e4r inte<br \/>\nbara prisv\u00e4rd, utan \u00e4ven l\u00e4tt o smidigt underh\u00e5llen, vilket sparar b\u00e5de tid och pengar.<\/p>\n","protected":false},"excerpt":{"rendered":"<p>S-20 \u00e4r den mest s\u00e5lda kylmaskinen i Terrafrigo serien och klarar av kyltemperatur (0 C) upp till 18m3<br \/>\noch frystemperatur (-20 C) till 10m3 lastutrymmen.<\/p>\n","protected":false},"featured_media":975,"comment_status":"closed","ping_status":"closed","template":"","meta":[],"_links":{"self":[{"href":"https:\/\/ozon.fi\/sv\/wp-json\/wp\/v2\/product\/1116"}],"collection":[{"href":"https:\/\/ozon.fi\/sv\/wp-json\/wp\/v2\/product"}],"about":[{"href":"https:\/\/ozon.fi\/sv\/wp-json\/wp\/v2\/types\/product"}],"replies":[{"embeddable":true,"href":"https:\/\/ozon.fi\/sv\/wp-json\/wp\/v2\/comments?post=1116"}],"wp:featuredmedia":[{"embeddable":true,"href":"https:\/\/ozon.fi\/sv\/wp-json\/wp\/v2\/media\/975"}],"wp:attachment":[{"href":"https:\/\/ozon.fi\/sv\/wp-json\/wp\/v2\/media?parent=1116"}],"curies":[{"name":"wp","href":"https:\/\/api.w.org\/{rel}","templated":true}]}}