{"id":1131,"date":"2020-09-03T15:35:25","date_gmt":"2020-09-03T12:35:25","guid":{"rendered":"https:\/\/ozon.fi\/?post_type=product&#038;p=1131"},"modified":"2020-11-10T12:48:44","modified_gmt":"2020-11-10T09:48:44","slug":"refrigeration-unit-terrafrigo-s30","status":"publish","type":"product","link":"https:\/\/ozon.fi\/sv\/catalog\/18-26m%c2%b3\/refrigerators-18-26m%c2%b3\/refrigeration-unit-terrafrigo-s30\/","title":{"rendered":"Terrafrigo S-30 Kylmaskin"},"content":{"rendered":"<p>S-30 \u00e4r en kraftfull 4kW kylmaskin med vilken du kan transportera kylgods (0 C) i upp till 26m3 och<br \/>\nfrysgods (-20 C) 18m3 lastutrymmen. S-30, som \u00e4r en v\u00e4ldigt prisv\u00e4rd kylmaskin \u00e4r \u00e4ven v\u00e4ldigt l\u00e4tt<br \/>\nservad och underh\u00e5llen, vilket kommer att spara b\u00e5de tid och pengar.<\/p>\n","protected":false},"excerpt":{"rendered":"<p>S-30 \u00e4r en kraftfull 4kW kylmaskin med vilken du kan transportera kylgods (0 C) i upp till 26m3 och<br \/>\nfrysgods (-20 C) 18m3 lastutrymmen.<\/p>\n","protected":false},"featured_media":975,"comment_status":"closed","ping_status":"closed","template":"","meta":[],"_links":{"self":[{"href":"https:\/\/ozon.fi\/sv\/wp-json\/wp\/v2\/product\/1131"}],"collection":[{"href":"https:\/\/ozon.fi\/sv\/wp-json\/wp\/v2\/product"}],"about":[{"href":"https:\/\/ozon.fi\/sv\/wp-json\/wp\/v2\/types\/product"}],"replies":[{"embeddable":true,"href":"https:\/\/ozon.fi\/sv\/wp-json\/wp\/v2\/comments?post=1131"}],"wp:featuredmedia":[{"embeddable":true,"href":"https:\/\/ozon.fi\/sv\/wp-json\/wp\/v2\/media\/975"}],"wp:attachment":[{"href":"https:\/\/ozon.fi\/sv\/wp-json\/wp\/v2\/media?parent=1131"}],"curies":[{"name":"wp","href":"https:\/\/api.w.org\/{rel}","templated":true}]}}