{"id":1146,"date":"2020-09-03T16:50:29","date_gmt":"2020-09-03T13:50:29","guid":{"rendered":"https:\/\/ozon.fi\/?post_type=product&#038;p=1146"},"modified":"2020-11-10T12:51:46","modified_gmt":"2020-11-10T09:51:46","slug":"refrigerating-plant-terrafrigo-a20","status":"publish","type":"product","link":"https:\/\/ozon.fi\/sv\/catalog\/18-26m%c2%b3\/refrigerators-18-26m%c2%b3\/refrigerating-plant-terrafrigo-a20\/","title":{"rendered":"Terrafrigo A20 Kylmaskin"},"content":{"rendered":"<p>Terrafrigo A20 \u00e4r den mest kompakta kylmaskinen i serien. Den \u00e4r till f\u00f6r kyltransporter (+5 C) i<br \/>\nutrymmen upptill 25m3. A20 \u00e4r en v\u00e4ldigt prisv\u00e4rd kylmaskin f\u00f6r att frakta t.ex. mj\u00f6lk, k\u00f6tt,<br \/>\ngr\u00f6nsaker, frukter och dylikt.<\/p>\n","protected":false},"excerpt":{"rendered":"<p>Terrafrigo A20 \u00e4r den mest kompakta kylmaskinen i serien. Den \u00e4r till f\u00f6r kyltransporter (+5 C) i<br \/>\nutrymmen upptill 25m3.<\/p>\n","protected":false},"featured_media":982,"comment_status":"closed","ping_status":"closed","template":"","meta":[],"_links":{"self":[{"href":"https:\/\/ozon.fi\/sv\/wp-json\/wp\/v2\/product\/1146"}],"collection":[{"href":"https:\/\/ozon.fi\/sv\/wp-json\/wp\/v2\/product"}],"about":[{"href":"https:\/\/ozon.fi\/sv\/wp-json\/wp\/v2\/types\/product"}],"replies":[{"embeddable":true,"href":"https:\/\/ozon.fi\/sv\/wp-json\/wp\/v2\/comments?post=1146"}],"wp:featuredmedia":[{"embeddable":true,"href":"https:\/\/ozon.fi\/sv\/wp-json\/wp\/v2\/media\/982"}],"wp:attachment":[{"href":"https:\/\/ozon.fi\/sv\/wp-json\/wp\/v2\/media?parent=1146"}],"curies":[{"name":"wp","href":"https:\/\/api.w.org\/{rel}","templated":true}]}}