{"id":1602,"date":"2020-11-11T19:14:05","date_gmt":"2020-11-11T16:14:05","guid":{"rendered":"https:\/\/ozon.fi\/?post_type=product&#038;p=1602"},"modified":"2020-11-11T19:14:47","modified_gmt":"2020-11-11T16:14:47","slug":"refrigeration-unit-terrafrigo-s40-stin","status":"publish","type":"product","link":"https:\/\/ozon.fi\/sv\/catalog\/18-26m%c2%b3\/refrigerators-cooler-parking-functions-18-26m%c2%b3\/refrigeration-unit-terrafrigo-s40-stin\/","title":{"rendered":"Terrafrigo S-40 Kylmaskin"},"content":{"rendered":"<p>S-40 kylmaskinen l\u00e4mpar sig f\u00f6r kyltransporter (0 C) upp till 35m3 och frystransporter till 26m3.<br \/>\nKylmaskinen \u00e4r direkt driven av kompressor p\u00e5 fordonets motor och \u00e4r l\u00e4mplig f\u00f6r all sorts transport<br \/>\ns\u00e5som frukter, k\u00f6tt, mediciner och frysvaror. Denna prisv\u00e4rda kylmaskinen \u00e4r designad f\u00f6r att vara<br \/>\nl\u00e4tt att b\u00e5de underh\u00e5lla och serva, vilket sparar b\u00e5de tid och pengar.<\/p>\n","protected":false},"excerpt":{"rendered":"<p>S-40 kylmaskinen l\u00e4mpar sig f\u00f6r kyltransporter (0 C) upp till 35m3 och frystransporter till 26m3.<\/p>\n","protected":false},"featured_media":975,"comment_status":"closed","ping_status":"closed","template":"","meta":[],"_links":{"self":[{"href":"https:\/\/ozon.fi\/sv\/wp-json\/wp\/v2\/product\/1602"}],"collection":[{"href":"https:\/\/ozon.fi\/sv\/wp-json\/wp\/v2\/product"}],"about":[{"href":"https:\/\/ozon.fi\/sv\/wp-json\/wp\/v2\/types\/product"}],"replies":[{"embeddable":true,"href":"https:\/\/ozon.fi\/sv\/wp-json\/wp\/v2\/comments?post=1602"}],"wp:featuredmedia":[{"embeddable":true,"href":"https:\/\/ozon.fi\/sv\/wp-json\/wp\/v2\/media\/975"}],"wp:attachment":[{"href":"https:\/\/ozon.fi\/sv\/wp-json\/wp\/v2\/media?parent=1602"}],"curies":[{"name":"wp","href":"https:\/\/api.w.org\/{rel}","templated":true}]}}