{"id":1604,"date":"2020-11-11T19:15:03","date_gmt":"2020-11-11T16:15:03","guid":{"rendered":"https:\/\/ozon.fi\/?post_type=product&#038;p=1604"},"modified":"2020-11-11T19:16:26","modified_gmt":"2020-11-11T16:16:26","slug":"refrigeration-unit-terrafrigo-s50-stin","status":"publish","type":"product","link":"https:\/\/ozon.fi\/sv\/catalog\/34-55m%c2%b3\/refrigerators-cooler-parking-functions-34-55m%c2%b3\/refrigeration-unit-terrafrigo-s50-stin\/","title":{"rendered":"Terrafrigo S-50 Kylmaskin"},"content":{"rendered":"<p>Terrafrigo S-50 kylmaskinen \u00e4r l\u00e4mpad f\u00f6r kyltransporter (0 C) upp till 50m3 och frystransporter (-20<br \/>\nC) upp till 36m3. Kylmaskinen \u00e4r kompressordriven fr\u00e5n fordonets motor och \u00e4r l\u00e4mplig f\u00f6r all sort av<br \/>\nkyltransport fr\u00e5n f\u00e4rskvaror till mediciner och frysvaror. Denna effektiva och prisv\u00e4rda maskinen f\u00f6r<br \/>\nsm\u00e5- och medelstora lastutrymmen har konstruerats med servicev\u00e4nlighet i tanke, s\u00e5 \u00e4ven d\u00e4r<br \/>\nsparar man tid och pengar.<\/p>\n","protected":false},"excerpt":{"rendered":"<p>Terrafrigo S-50 kylmaskinen \u00e4r l\u00e4mpad f\u00f6r kyltransporter (0 C) upp till 50m3 och frystransporter (-20<br \/>\nC) upp till 36m3.<\/p>\n","protected":false},"featured_media":1063,"comment_status":"closed","ping_status":"closed","template":"","meta":[],"_links":{"self":[{"href":"https:\/\/ozon.fi\/sv\/wp-json\/wp\/v2\/product\/1604"}],"collection":[{"href":"https:\/\/ozon.fi\/sv\/wp-json\/wp\/v2\/product"}],"about":[{"href":"https:\/\/ozon.fi\/sv\/wp-json\/wp\/v2\/types\/product"}],"replies":[{"embeddable":true,"href":"https:\/\/ozon.fi\/sv\/wp-json\/wp\/v2\/comments?post=1604"}],"wp:featuredmedia":[{"embeddable":true,"href":"https:\/\/ozon.fi\/sv\/wp-json\/wp\/v2\/media\/1063"}],"wp:attachment":[{"href":"https:\/\/ozon.fi\/sv\/wp-json\/wp\/v2\/media?parent=1604"}],"curies":[{"name":"wp","href":"https:\/\/api.w.org\/{rel}","templated":true}]}}